{"id":915,"date":"2022-12-20T15:01:32","date_gmt":"2022-12-20T12:01:32","guid":{"rendered":"http:\/\/tqshipping.com\/?page_id=915"},"modified":"2024-11-01T14:21:07","modified_gmt":"2024-11-01T11:21:07","slug":"contact","status":"publish","type":"page","link":"https:\/\/tqshipping.com\/index.php\/ship-management\/contact\/","title":{"rendered":"Contact Us"},"content":{"rendered":"<p>[vc_row full_width=&#8221;stretch_row&#8221; ses_title=&#8221;Get in touch&#8221; el_class=&#8221;bg-right&#8221; css=&#8221;.vc_custom_1577371488445{background-position: 0 0 !important;background-repeat: no-repeat !important;}&#8221;][vc_column width=&#8221;2\/3&#8243; css=&#8221;.vc_custom_1700920975394{padding-right: 100px !important;}&#8221;][tt_lc_title_shortcode title=&#8221;Find Us&#8221; txt_color=&#8221;#1e2a50&#8243;][vc_column_text]<strong><i class=\"fa fa-map-marker\"><\/i> TQ Ship Management<\/strong><br \/>\n<a href=\"https:\/\/www.google.com\/maps\/place\/Ak+%C4%B0%C5%9F+Merkezi\/@40.8395567,29.2927905,17z\/data=!4m10!1m2!2m1!1zRXZsaXlhIMOHZWxlYmkgTWFoYWxsZXNpLCBHZW7DpyBPc21hbiBDYWRkZXNpLCBBayDEsMWfIE1lcmtlemksIE5vOjU4IEthdDo0LzExIFR1emxhLMSwc3RhbmJ1bC9Uw7xya2l5ZQ!3m6!1s0x14cadc4f29a303a7:0xfb1a6f1918c54e35!8m2!3d40.8395527!4d29.2953654!15sCmdFdmxpeWEgw4dlbGViaSBNYWhhbGxlc2ksIEdlbsOnIE9zbWFuIENhZGRlc2ksIEFrIMSwxZ8gTWVya2V6aSwgTm86NTggS2F0OjQvMTEgVHV6bGEsxLBzdGFuYnVsL1TDvHJraXllkgENYnVzaW5lc3NfcGFya-ABAA!16s%2Fg%2F11b7p_zphg?entry=ttu\" target=\"_blank\" rel=\"noopener\">Evliya \u00c7elebi Mah. Gen\u00e7 Osman Cad.<br \/>\nAk \u0130\u015f Merkezi, No:58 Kat:4\/11<br \/>\nTuzla, Istanbul, Turkey<\/a>[\/vc_column_text][vc_column_text css=&#8221;.vc_custom_1701362750948{padding-bottom: 20px !important;}&#8221;]<\/p>\n<table>\n<thead>\n<tr>\n<th colspan=\"2\"><i class=\"fa fa-envelope\"><\/i> E-mail List<\/th>\n<\/tr>\n<\/thead>\n<tbody>\n<tr>\n<td>Common<\/td>\n<td><a href=\"mailto:info@tqshipmanagement.com\">info@tqshipmanagement.com<\/a><\/td>\n<\/tr>\n<tr>\n<td>Chartering<\/td>\n<td><a href=\"mailto:operation@bitashipping.com \">operation@bitashipping.com <\/a><\/td>\n<\/tr>\n<tr>\n<td>Operations<\/td>\n<td><a href=\"mailto:operation@tqshipmanagement.com \">operation@tqshipmanagement.com <\/a><\/td>\n<\/tr>\n<tr>\n<td>HSEQ<\/td>\n<td><a href=\"mailto:hseq@tqshipmanagement.com\">hseq@tqshipmanagement.com<\/a><\/td>\n<\/tr>\n<tr>\n<td>Crewing<\/td>\n<td><a href=\"mailto:crew@tqshipmanagement.com \">crew@tqshipmanagement.com <\/a><\/td>\n<\/tr>\n<tr>\n<td>Technical<\/td>\n<td><a href=\"mailto:technical@tqshipmanagement.com\">technical@tqshipmanagement.com<\/a><\/td>\n<\/tr>\n<\/tbody>\n<\/table>\n<p>[\/vc_column_text][vc_column_text css=&#8221;.vc_custom_1701362695525{padding-bottom: 20px !important;}&#8221;]<strong><i class=\"fa fa-phone\"><\/i> Phone<\/strong><br \/>\n<a href=\"tel:\/\/+902163956664\">+90 216 395 66 64<\/a>[\/vc_column_text][vc_column_text]<strong><i class=\"fa fa-clock-o\"><\/i> Working hours<\/strong><br \/>\nMonday &#8211; Friday : 8.30 &#8211; 18.00[\/vc_column_text][\/vc_column][vc_column width=&#8221;1\/3&#8243; css=&#8221;.vc_custom_1700920810274{background-color: #ffffff !important;}&#8221;][tt_lc_title_shortcode title=&#8221;Send Message&#8221; txt_color=&#8221;#1e2a50&#8243;]\n<div class=\"wpcf7 no-js\" id=\"wpcf7-f393-o1\" lang=\"en-US\" dir=\"ltr\" data-wpcf7-id=\"393\">\n<div class=\"screen-reader-response\"><p role=\"status\" aria-live=\"polite\" aria-atomic=\"true\"><\/p> <ul><\/ul><\/div>\n<form action=\"\/index.php\/wp-json\/wp\/v2\/pages\/915#wpcf7-f393-o1\" method=\"post\" class=\"wpcf7-form init\" aria-label=\"Contact form\" novalidate=\"novalidate\" data-status=\"init\">\n<fieldset class=\"hidden-fields-container\"><input type=\"hidden\" name=\"_wpcf7\" value=\"393\" \/><input type=\"hidden\" name=\"_wpcf7_version\" value=\"6.1\" \/><input type=\"hidden\" name=\"_wpcf7_locale\" value=\"en_US\" \/><input type=\"hidden\" name=\"_wpcf7_unit_tag\" value=\"wpcf7-f393-o1\" \/><input type=\"hidden\" name=\"_wpcf7_container_post\" value=\"0\" \/><input type=\"hidden\" name=\"_wpcf7_posted_data_hash\" value=\"\" \/><input type=\"hidden\" name=\"_wpcf7_recaptcha_response\" value=\"\" \/>\n<\/fieldset>\n<div class=\"contact-form contact-page\" >\n\t<p><span class=\"wpcf7-form-control-wrap\" data-name=\"your-name\"><input size=\"40\" maxlength=\"400\" class=\"wpcf7-form-control wpcf7-text wpcf7-validates-as-required\" aria-required=\"true\" aria-invalid=\"false\" placeholder=\"Name\" value=\"\" type=\"text\" name=\"your-name\" \/><\/span>\n\t<\/p>\n\t<p><span class=\"wpcf7-form-control-wrap\" data-name=\"your-email\"><input size=\"40\" maxlength=\"400\" class=\"wpcf7-form-control wpcf7-email wpcf7-validates-as-required wpcf7-text wpcf7-validates-as-email\" aria-required=\"true\" aria-invalid=\"false\" placeholder=\"Email\" value=\"\" type=\"email\" name=\"your-email\" \/><\/span>\n\t<\/p>\n\t<p><span class=\"wpcf7-form-control-wrap\" data-name=\"your-subject\"><input size=\"40\" maxlength=\"400\" class=\"wpcf7-form-control wpcf7-text wpcf7-validates-as-required\" aria-required=\"true\" aria-invalid=\"false\" placeholder=\"Subject\" value=\"\" type=\"text\" name=\"your-subject\" \/><\/span>\n\t<\/p>\n\t<p><span class=\"wpcf7-form-control-wrap\" data-name=\"your-message\"><textarea cols=\"40\" rows=\"10\" maxlength=\"2000\" class=\"wpcf7-form-control wpcf7-textarea wpcf7-validates-as-required\" aria-required=\"true\" aria-invalid=\"false\" placeholder=\"Message\" name=\"your-message\"><\/textarea><\/span>\n\t<\/p>\n\n\t<p><input class=\"wpcf7-form-control wpcf7-submit has-spinner\" type=\"submit\" value=\"Send Message\" \/>\n\t<\/p>\n<\/div><p style=\"display: none !important;\" class=\"akismet-fields-container\" data-prefix=\"_wpcf7_ak_\"><label>&#916;<textarea name=\"_wpcf7_ak_hp_textarea\" cols=\"45\" rows=\"8\" maxlength=\"100\"><\/textarea><\/label><input type=\"hidden\" id=\"ak_js_1\" name=\"_wpcf7_ak_js\" value=\"20\"\/><script>document.getElementById( \"ak_js_1\" ).setAttribute( \"value\", ( new Date() ).getTime() );<\/script><\/p><div class=\"wpcf7-response-output\" aria-hidden=\"true\"><\/div>\n<\/form>\n<\/div>\n[\/vc_column][\/vc_row][vc_row full_width=&#8221;stretch_row_content_no_spaces&#8221;][vc_column][vc_gmaps link=&#8221;#E-8_JTNDaWZyYW1lJTIwc3JjJTNEJTIyaHR0cHMlM0ElMkYlMkZ3d3cuZ29vZ2xlLmNvbSUyRm1hcHMlMkZlbWJlZCUzRnBiJTNEJTIxMW0xOCUyMTFtMTIlMjExbTMlMjExZDMwMTguNDc2NDM5OTUxMDM3JTIxMmQyOS4yOTI4NDUzNzcyOTMxMzMlMjEzZDQwLjgzOTQ2MjMyOTgwMDU0JTIxMm0zJTIxMWYwJTIxMmYwJTIxM2YwJTIxM20yJTIxMWkxMDI0JTIxMmk3NjglMjE0ZjEzLjElMjEzbTMlMjExbTIlMjExczB4MTRjYWRkYmI3M2IxNDFhZCUyNTNBMHhhNDA2ZDYwODg3YWQwNWFhJTIxMnNUcSUyNTIwU2hpcCUyNTIwTWFuYWdlbWVudCUyMTVlMCUyMTNtMiUyMTFzdHIlMjEyc3RyJTIxNHYxNzMwNDU5OTc4NzUyJTIxNW0yJTIxMXN0ciUyMTJzdHIlMjIlMjB3aWR0aCUzRCUyMjYwMCUyMiUyMGhlaWdodCUzRCUyMjQ1MCUyMiUyMHN0eWxlJTNEJTIyYm9yZGVyJTNBMCUzQiUyMiUyMGFsbG93ZnVsbHNjcmVlbiUzRCUyMiUyMiUyMGxvYWRpbmclM0QlMjJsYXp5JTIyJTIwcmVmZXJyZXJwb2xpY3klM0QlMjJuby1yZWZlcnJlci13aGVuLWRvd25ncmFkZSUyMiUzRSUzQyUyRmlmcmFtZSUzRQ==&#8221;][\/vc_column][\/vc_row]<\/p>\n","protected":false},"excerpt":{"rendered":"<p>[vc_row full_width=&#8221;stretch_row&#8221; ses_title=&#8221;Get in touch&#8221; el_class=&#8221;bg-right&#8221; css=&#8221;.vc_custom_1577371488445{background-position: 0 0 !important;background-repeat: no-repeat !important;}&#8221;][vc_column width=&#8221;2\/3&#8243; css=&#8221;.vc_custom_1700920975394{padding-right: 100px !important;}&#8221;][tt_lc_title_shortcode title=&#8221;Find Us&#8221; txt_color=&#8221;#1e2a50&#8243;][vc_column_text] TQ Ship Management Evliya \u00c7elebi Mah. Gen\u00e7 Osman Cad. Ak \u0130\u015f Merkezi, No:58 Kat:4\/11 Tuzla, Istanbul, Turkey[\/vc_column_text][vc_column_text css=&#8221;.vc_custom_1701362750948{padding-bottom: 20px !important;}&#8221;] E-mail List Common info@tqshipmanagement.com Chartering operation@bitashipping.com Operations operation@tqshipmanagement.com HSEQ hseq@tqshipmanagement.com Crewing crew@tqshipmanagement.com Technical technical@tqshipmanagement.com [\/vc_column_text][vc_column_text css=&#8221;.vc_custom_1701362695525{padding-bottom: [&hellip;]<\/p>\n","protected":false},"author":1,"featured_media":0,"parent":870,"menu_order":0,"comment_status":"closed","ping_status":"closed","template":"","meta":{"footnotes":""},"class_list":["post-915","page","type-page","status-publish","hentry"],"aioseo_notices":[],"_links":{"self":[{"href":"https:\/\/tqshipping.com\/index.php\/wp-json\/wp\/v2\/pages\/915","targetHints":{"allow":["GET"]}}],"collection":[{"href":"https:\/\/tqshipping.com\/index.php\/wp-json\/wp\/v2\/pages"}],"about":[{"href":"https:\/\/tqshipping.com\/index.php\/wp-json\/wp\/v2\/types\/page"}],"author":[{"embeddable":true,"href":"https:\/\/tqshipping.com\/index.php\/wp-json\/wp\/v2\/users\/1"}],"replies":[{"embeddable":true,"href":"https:\/\/tqshipping.com\/index.php\/wp-json\/wp\/v2\/comments?post=915"}],"version-history":[{"count":17,"href":"https:\/\/tqshipping.com\/index.php\/wp-json\/wp\/v2\/pages\/915\/revisions"}],"predecessor-version":[{"id":1260,"href":"https:\/\/tqshipping.com\/index.php\/wp-json\/wp\/v2\/pages\/915\/revisions\/1260"}],"up":[{"embeddable":true,"href":"https:\/\/tqshipping.com\/index.php\/wp-json\/wp\/v2\/pages\/870"}],"wp:attachment":[{"href":"https:\/\/tqshipping.com\/index.php\/wp-json\/wp\/v2\/media?parent=915"}],"curies":[{"name":"wp","href":"https:\/\/api.w.org\/{rel}","templated":true}]}}