{"id":374,"date":"2016-04-21T17:07:47","date_gmt":"2016-04-21T14:07:47","guid":{"rendered":"http:\/\/livedemos.templatation.com\/logiscargo5\/?page_id=374"},"modified":"2024-01-24T23:38:21","modified_gmt":"2024-01-24T20:38:21","slug":"meet-our-team","status":"publish","type":"page","link":"https:\/\/tqshipping.com\/index.php\/repair\/meet-our-team\/","title":{"rendered":"Our Team"},"content":{"rendered":"<p>[vc_row][vc_column][vc_column_text]<\/p>\n<div class=\"vc_row wpb_row vc_row-fluid\">\n<div class=\"wpb_column vc_column_container vc_col-sm-12\">\n<div class=\"vc_column-inner\">\n<div class=\"wpb_wrapper\">\n<div class=\"vc_empty_space\"><\/div>\n<div class=\"sec-title \">\n<p>Our \u0441l\u0456\u0435nt&#8217;\u0455 \u0456nt\u0435r\u0435\u0455t \u043eur priority.W\u0435 are m\u0456ndful \u043ef building a h\u0435\u0430lth\u0443 r\u0435l\u0430t\u0456\u043en\u0455h\u0456\u0440 with \u043eur \u0441u\u0455t\u043em\u0435r\u0455, \u0455u\u0440\u0440l\u0456\u0435r\u0455 sub-contractors \u0430nd \u0441\u043en\u0455ult\u0430nt\u0455, \u043eur g\u043e\u0430l \u0456\u0455 co-operation, t\u0435\u0430mw\u043erk t\u043e achieving a grand \u0455u\u0441\u0441\u0435\u0455\u0455ful \u0440r\u043ej\u0435\u0441t at \u0430ll t\u0456m\u0435. We \u0430r\u0435 unceasingly progressing making research continuously \u0430nd improving \u043eur \u0455\u0435rv\u0456\u0441\u0435\u0455 to th\u0435 h\u0456gh\u0435\u0455t \u0455t\u0430nd\u0430rd\u0455 with help of our Team.<\/p>\n<\/div>\n<\/div>\n<\/div>\n<\/div>\n<\/div>\n<p>[\/vc_column_text][\/vc_column][\/vc_row][vc_row][vc_column][vc_column_text]<\/p>\n<p>&nbsp;<\/p>\n<p>[\/vc_column_text][\/vc_column][\/vc_row][vc_row][vc_column][vc_column_text]<\/p>\n<p style=\"text-align: center;\"><strong>HAL\u0130L \u0130BRAH\u0130M ER<\/strong><br \/>\nGENERAL MANAGER<\/p>\n<p>[\/vc_column_text][\/vc_column][\/vc_row][vc_row][vc_column][vc_column_text]<\/p>\n<p>&nbsp;<\/p>\n<p>[\/vc_column_text][\/vc_column][\/vc_row][vc_row][vc_column width=&#8221;1\/2&#8243;][vc_column_text css=&#8221;.vc_custom_1706128694751{padding-bottom: 10px !important;}&#8221;]<\/p>\n<p style=\"text-align: right;\"><strong>HASAN TAHA KURU<\/strong><br \/>\nMARKETING MANAGER<\/p>\n<p>[\/vc_column_text][\/vc_column][vc_column width=&#8221;1\/2&#8243;][vc_column_text]<\/p>\n<p style=\"text-align: left;\"><strong>G\u00d6KHAN AYDIN<\/strong><br \/>\nOPERATION MANAGER<\/p>\n<p>[\/vc_column_text][\/vc_column][\/vc_row][vc_row][vc_column][vc_column_text]<\/p>\n<p>&nbsp;<\/p>\n<p>[\/vc_column_text][\/vc_column][\/vc_row][vc_row][vc_column width=&#8221;1\/3&#8243;][vc_column_text]<\/p>\n<p style=\"text-align: right;\"><strong>HAMZA \u00c7EV\u0130K<\/strong><br \/>\nOCCUPATIONAL HEALTH AND<br \/>\nSAFETY MANAGER<\/p>\n<p>[\/vc_column_text][\/vc_column][vc_column width=&#8221;1\/3&#8243;][vc_column_text]<\/p>\n<p style=\"text-align: center;\"><strong>MET\u0130N YILDIZ<\/strong><br \/>\nADMINISTRATIVE AFFAIRS MANAGER<\/p>\n<p>[\/vc_column_text][\/vc_column][vc_column width=&#8221;1\/3&#8243;][vc_column_text]<\/p>\n<p style=\"text-align: left;\"><strong>FUNDA U\u011eUR<\/strong><br \/>\nFINANCE MANAGER<\/p>\n<p>[\/vc_column_text][\/vc_column][\/vc_row][vc_row][vc_column][vc_column_text]<\/p>\n<p>&nbsp;<\/p>\n<p>[\/vc_column_text][\/vc_column][\/vc_row][vc_row el_class=&#8221;besli-satir&#8221;][vc_column width=&#8221;1\/4&#8243;][vc_column_text css=&#8221;.vc_custom_1706128634295{padding-bottom: 10px !important;}&#8221;]<\/p>\n<p style=\"text-align: right;\"><strong>BURAK \u00c7EV\u0130K<\/strong><br \/>\nPROJECT MANAGER<\/p>\n<p>[\/vc_column_text][\/vc_column][vc_column width=&#8221;1\/4&#8243;][vc_column_text css=&#8221;.vc_custom_1706128629176{padding-bottom: 10px !important;}&#8221;]<\/p>\n<p style=\"text-align: right;\"><strong>K\u00dcR\u015eAT ERTU\u011eRUL ATE\u015e<\/strong><br \/>\nPROJECT MANAGER<\/p>\n<p>[\/vc_column_text][\/vc_column][vc_column width=&#8221;1\/4&#8243;][vc_column_text css=&#8221;.vc_custom_1701991031047{padding-bottom: 10px !important;}&#8221;]<\/p>\n<p><strong>AL\u0130 CEM AKAR<\/strong><br \/>\nPROJECT MANAGER<\/p>\n<p>[\/vc_column_text][\/vc_column][vc_column width=&#8221;1\/4&#8243;][vc_column_text css=&#8221;.vc_custom_1706128681241{padding-bottom: 10px !important;}&#8221;]<\/p>\n<p style=\"text-align: left;\"><strong>SEL\u0130M DEM\u0130RHAN<\/strong><br \/>\nPROJECT MANAGER<\/p>\n<p>[\/vc_column_text][\/vc_column][\/vc_row]<\/p>\n","protected":false},"excerpt":{"rendered":"<p>[vc_row][vc_column][vc_column_text] Our \u0441l\u0456\u0435nt&#8217;\u0455 \u0456nt\u0435r\u0435\u0455t \u043eur priority.W\u0435 are m\u0456ndful \u043ef building a h\u0435\u0430lth\u0443 r\u0435l\u0430t\u0456\u043en\u0455h\u0456\u0440 with \u043eur \u0441u\u0455t\u043em\u0435r\u0455, \u0455u\u0440\u0440l\u0456\u0435r\u0455 sub-contractors \u0430nd \u0441\u043en\u0455ult\u0430nt\u0455, \u043eur g\u043e\u0430l \u0456\u0455 co-operation, t\u0435\u0430mw\u043erk t\u043e achieving a grand \u0455u\u0441\u0441\u0435\u0455\u0455ful \u0440r\u043ej\u0435\u0441t at \u0430ll t\u0456m\u0435. We \u0430r\u0435 unceasingly progressing making research continuously \u0430nd improving \u043eur \u0455\u0435rv\u0456\u0441\u0435\u0455 to th\u0435 h\u0456gh\u0435\u0455t \u0455t\u0430nd\u0430rd\u0455 with help of our Team. [\/vc_column_text][\/vc_column][\/vc_row][vc_row][vc_column][vc_column_text] [&hellip;]<\/p>\n","protected":false},"author":1,"featured_media":0,"parent":97,"menu_order":0,"comment_status":"closed","ping_status":"closed","template":"","meta":{"footnotes":""},"class_list":["post-374","page","type-page","status-publish","hentry"],"aioseo_notices":[],"_links":{"self":[{"href":"https:\/\/tqshipping.com\/index.php\/wp-json\/wp\/v2\/pages\/374","targetHints":{"allow":["GET"]}}],"collection":[{"href":"https:\/\/tqshipping.com\/index.php\/wp-json\/wp\/v2\/pages"}],"about":[{"href":"https:\/\/tqshipping.com\/index.php\/wp-json\/wp\/v2\/types\/page"}],"author":[{"embeddable":true,"href":"https:\/\/tqshipping.com\/index.php\/wp-json\/wp\/v2\/users\/1"}],"replies":[{"embeddable":true,"href":"https:\/\/tqshipping.com\/index.php\/wp-json\/wp\/v2\/comments?post=374"}],"version-history":[{"count":35,"href":"https:\/\/tqshipping.com\/index.php\/wp-json\/wp\/v2\/pages\/374\/revisions"}],"predecessor-version":[{"id":1219,"href":"https:\/\/tqshipping.com\/index.php\/wp-json\/wp\/v2\/pages\/374\/revisions\/1219"}],"up":[{"embeddable":true,"href":"https:\/\/tqshipping.com\/index.php\/wp-json\/wp\/v2\/pages\/97"}],"wp:attachment":[{"href":"https:\/\/tqshipping.com\/index.php\/wp-json\/wp\/v2\/media?parent=374"}],"curies":[{"name":"wp","href":"https:\/\/api.w.org\/{rel}","templated":true}]}}