{"id":1341,"date":"2026-04-15T17:06:42","date_gmt":"2026-04-15T14:06:42","guid":{"rendered":"https:\/\/tqshipping.com\/?page_id=1341"},"modified":"2026-04-15T18:30:09","modified_gmt":"2026-04-15T15:30:09","slug":"our-team","status":"publish","type":"page","link":"https:\/\/tqshipping.com\/index.php\/hgf-ship-management\/our-team\/","title":{"rendered":"Our Team"},"content":{"rendered":"<p>[vc_row][vc_column][vc_column_text]<\/p>\n<div class=\"vc_row wpb_row vc_row-fluid\">\n<div class=\"wpb_column vc_column_container vc_col-sm-12\">\n<div class=\"vc_column-inner\">\n<div class=\"wpb_wrapper\">\n<div class=\"vc_empty_space\"><\/div>\n<div class=\"sec-title \">\n<p>Our \u0441l\u0456\u0435nt&#8217;\u0455 \u0456nt\u0435r\u0435\u0455t \u043eur priority.W\u0435 are m\u0456ndful \u043ef building a h\u0435\u0430lth\u0443 r\u0435l\u0430t\u0456\u043en\u0455h\u0456\u0440 with \u043eur \u0441u\u0455t\u043em\u0435r\u0455, \u0455u\u0440\u0440l\u0456\u0435r\u0455 sub-contractors \u0430nd \u0441\u043en\u0455ult\u0430nt\u0455, \u043eur g\u043e\u0430l \u0456\u0455 co-operation, t\u0435\u0430mw\u043erk t\u043e achieving a grand \u0455u\u0441\u0441\u0435\u0455\u0455ful \u0440r\u043ej\u0435\u0441t at \u0430ll t\u0456m\u0435. We \u0430r\u0435 unceasingly progressing making research continuously \u0430nd improving \u043eur \u0455\u0435rv\u0456\u0441\u0435\u0455 to th\u0435 h\u0456gh\u0435\u0455t \u0455t\u0430nd\u0430rd\u0455 with help of our Team.<\/p>\n<\/div>\n<\/div>\n<\/div>\n<\/div>\n<\/div>\n<p>[\/vc_column_text][\/vc_column][\/vc_row][vc_row][vc_column][vc_column_text]<\/p>\n<p>&nbsp;<\/p>\n<p>[\/vc_column_text][\/vc_column][\/vc_row][vc_row][vc_column][vc_column_text]<\/p>\n<p style=\"text-align: center;\"><strong>HAL\u0130L \u0130BRAH\u0130M ER<\/strong><br \/>\nGENERAL MANAGER<\/p>\n<p>[\/vc_column_text][\/vc_column][\/vc_row][vc_row][vc_column][vc_column_text]<\/p>\n<p>&nbsp;<\/p>\n<p>[\/vc_column_text][\/vc_column][\/vc_row][vc_row][vc_column][vc_column_text]<\/p>\n<p style=\"text-align: center;\"><strong>CAN \u0130BAK<\/strong><br \/>\nFLEET MANAGER<\/p>\n<p>[\/vc_column_text][\/vc_column][\/vc_row][vc_row][vc_column][vc_column_text]<\/p>\n<p>&nbsp;<\/p>\n<p>[\/vc_column_text][\/vc_column][\/vc_row][vc_row][vc_column width=&#8221;1\/3&#8243;][vc_column_text]<\/p>\n<p style=\"text-align: right;\"><strong>BARBAROS AL\u0130 KALKAVAN<br \/>\n<\/strong>DPA\/CSO<\/p>\n<p>[\/vc_column_text][\/vc_column][vc_column width=&#8221;1\/3&#8243;][vc_column_text]<\/p>\n<p style=\"text-align: center;\"><strong>RE\u015e\u0130T ERG\u0130N<\/strong><br \/>\nOPERATION MANAGER<\/p>\n<p>[\/vc_column_text][\/vc_column][vc_column width=&#8221;1\/3&#8243;][vc_column_text]<\/p>\n<p style=\"text-align: left;\"><strong>BURAK \u00dcNL\u00dcC\u00d6MERT<\/strong><br \/>\nCHARTERING MANAGER<\/p>\n<p>[\/vc_column_text][\/vc_column][\/vc_row][vc_row][vc_column][vc_column_text]<\/p>\n<p>&nbsp;<\/p>\n<p>[\/vc_column_text][\/vc_column][\/vc_row][vc_row][vc_column width=&#8221;1\/3&#8243;][vc_column_text]<\/p>\n<p style=\"text-align: right;\"><strong>YAVUZ \u00d6ZDEM\u0130R<\/strong><br \/>\nTECHNICAL MANAGER<\/p>\n<p>[\/vc_column_text][\/vc_column][vc_column width=&#8221;1\/3&#8243;][vc_column_text]<\/p>\n<p style=\"text-align: center;\"><strong>BERK BULGAN<\/strong><br \/>\nCREWING MANAGER<\/p>\n<p>[\/vc_column_text][\/vc_column][vc_column width=&#8221;1\/3&#8243;][vc_column_text]<\/p>\n<p style=\"text-align: left;\"><strong>EREN ARIK<\/strong><br \/>\nFINANCE MANAGER<\/p>\n<p>[\/vc_column_text][\/vc_column][\/vc_row][vc_row][vc_column][vc_column_text]<\/p>\n<p>&nbsp;<\/p>\n<p>[\/vc_column_text][\/vc_column][\/vc_row][vc_row][vc_column width=&#8221;1\/3&#8243;][vc_column_text]<\/p>\n<p style=\"text-align: right;\"><strong>VOLKAN Y\u00dcCESOY<\/strong><br \/>\nCLAIMS MANAGER<\/p>\n<p>[\/vc_column_text][\/vc_column][vc_column width=&#8221;1\/3&#8243;][vc_column_text]<\/p>\n<p style=\"text-align: center;\"><strong>TANER G\u00d6KSU<\/strong><br \/>\nAGENCY MANAGER<\/p>\n<p>[\/vc_column_text][\/vc_column][vc_column width=&#8221;1\/3&#8243;][vc_column_text]<\/p>\n<p style=\"text-align: left;\"><strong>\u0130LHAM\u0130 YAKUP \u00d6ZEN<\/strong><br \/>\nSHIP BROKER<\/p>\n<p>[\/vc_column_text][\/vc_column][\/vc_row][vc_row][vc_column][vc_column_text]<\/p>\n<p>&nbsp;<\/p>\n<p>[\/vc_column_text][\/vc_column][\/vc_row][vc_row][vc_column width=&#8221;1\/4&#8243;][vc_column_text]<\/p>\n<p style=\"text-align: right;\"><strong>MURAT ARIKAN<\/strong><br \/>\nTECHNICAL SUPERINTENDENT<\/p>\n<p>[\/vc_column_text][\/vc_column][vc_column width=&#8221;1\/4&#8243;][vc_column_text]<\/p>\n<p style=\"text-align: right;\"><strong>EZG\u0130 KAYA<\/strong><br \/>\nHSEQ SUPERVISOR<\/p>\n<p>[\/vc_column_text][\/vc_column][vc_column width=&#8221;1\/4&#8243;][vc_column_text]<\/p>\n<p style=\"text-align: left;\"><strong>H\u00dcSEY\u0130N BOYRAZ<\/strong><br \/>\nHSEQ SPECIALIST<\/p>\n<p>[\/vc_column_text][\/vc_column][vc_column width=&#8221;1\/4&#8243;][vc_column_text]<\/p>\n<p style=\"text-align: left;\"><strong>Y\u0130\u011e\u0130T KARAAL\u0130<\/strong><br \/>\nCREWING SPECIALIST<\/p>\n<p>[\/vc_column_text][\/vc_column][\/vc_row][vc_row][vc_column][vc_column_text]<\/p>\n<p>&nbsp;<\/p>\n<p>[\/vc_column_text][\/vc_column][\/vc_row][vc_row][vc_column width=&#8221;1\/4&#8243;][vc_column_text]<\/p>\n<p style=\"text-align: right;\"><strong>L\u0130ZAVETA KUL\u0130ASHOVA<\/strong><br \/>\nOPERATION DESK<\/p>\n<p>[\/vc_column_text][\/vc_column][vc_column width=&#8221;1\/4&#8243;][vc_column_text]<\/p>\n<p style=\"text-align: right;\"><strong>ALPEREN YILDIZ<\/strong><br \/>\nPURCHASING SPECIALIST<\/p>\n<p>[\/vc_column_text][\/vc_column][vc_column width=&#8221;1\/4&#8243;][vc_column_text]<\/p>\n<p style=\"text-align: left;\"><strong>KAAN KUB\u0130LAY KURALAY<\/strong><br \/>\nAGENCY OPERATION SPECIALIST<\/p>\n<p>[\/vc_column_text][\/vc_column][vc_column width=&#8221;1\/4&#8243;][vc_column_text]<\/p>\n<p style=\"text-align: left;\"><strong>EM\u0130R HAN<\/strong><br \/>\nAGENCY OPERATION SPECIALIST<\/p>\n<p>[\/vc_column_text][\/vc_column][\/vc_row][vc_row][vc_column][vc_column_text]<\/p>\n<p>&nbsp;<\/p>\n<p>[\/vc_column_text][\/vc_column][\/vc_row][vc_row][vc_column width=&#8221;1\/2&#8243;][vc_column_text]<\/p>\n<p style=\"text-align: right;\"><strong>D\u0130LEK ATE\u015e<\/strong><br \/>\nACCOUNTING SPECIALIST<\/p>\n<p>[\/vc_column_text][\/vc_column][vc_column width=&#8221;1\/2&#8243;][vc_column_text]<\/p>\n<p style=\"text-align: left;\"><strong>PEL\u0130N K\u00dc\u00c7\u00dcKKILAVUZ<\/strong><br \/>\nACCOUNTING SPECIALIST<\/p>\n<p>[\/vc_column_text][\/vc_column][\/vc_row]<\/p>\n","protected":false},"excerpt":{"rendered":"<p>[vc_row][vc_column][vc_column_text] Our \u0441l\u0456\u0435nt&#8217;\u0455 \u0456nt\u0435r\u0435\u0455t \u043eur priority.W\u0435 are m\u0456ndful \u043ef building a h\u0435\u0430lth\u0443 r\u0435l\u0430t\u0456\u043en\u0455h\u0456\u0440 with \u043eur \u0441u\u0455t\u043em\u0435r\u0455, \u0455u\u0440\u0440l\u0456\u0435r\u0455 sub-contractors \u0430nd \u0441\u043en\u0455ult\u0430nt\u0455, \u043eur g\u043e\u0430l \u0456\u0455 co-operation, t\u0435\u0430mw\u043erk t\u043e achieving a grand \u0455u\u0441\u0441\u0435\u0455\u0455ful \u0440r\u043ej\u0435\u0441t at \u0430ll t\u0456m\u0435. We \u0430r\u0435 unceasingly progressing making research continuously \u0430nd improving \u043eur \u0455\u0435rv\u0456\u0441\u0435\u0455 to th\u0435 h\u0456gh\u0435\u0455t \u0455t\u0430nd\u0430rd\u0455 with help of our Team. [\/vc_column_text][\/vc_column][\/vc_row][vc_row][vc_column][vc_column_text] [&hellip;]<\/p>\n","protected":false},"author":1,"featured_media":0,"parent":1337,"menu_order":0,"comment_status":"closed","ping_status":"closed","template":"","meta":{"footnotes":""},"class_list":["post-1341","page","type-page","status-publish","hentry"],"aioseo_notices":[],"_links":{"self":[{"href":"https:\/\/tqshipping.com\/index.php\/wp-json\/wp\/v2\/pages\/1341","targetHints":{"allow":["GET"]}}],"collection":[{"href":"https:\/\/tqshipping.com\/index.php\/wp-json\/wp\/v2\/pages"}],"about":[{"href":"https:\/\/tqshipping.com\/index.php\/wp-json\/wp\/v2\/types\/page"}],"author":[{"embeddable":true,"href":"https:\/\/tqshipping.com\/index.php\/wp-json\/wp\/v2\/users\/1"}],"replies":[{"embeddable":true,"href":"https:\/\/tqshipping.com\/index.php\/wp-json\/wp\/v2\/comments?post=1341"}],"version-history":[{"count":1,"href":"https:\/\/tqshipping.com\/index.php\/wp-json\/wp\/v2\/pages\/1341\/revisions"}],"predecessor-version":[{"id":1357,"href":"https:\/\/tqshipping.com\/index.php\/wp-json\/wp\/v2\/pages\/1341\/revisions\/1357"}],"up":[{"embeddable":true,"href":"https:\/\/tqshipping.com\/index.php\/wp-json\/wp\/v2\/pages\/1337"}],"wp:attachment":[{"href":"https:\/\/tqshipping.com\/index.php\/wp-json\/wp\/v2\/media?parent=1341"}],"curies":[{"name":"wp","href":"https:\/\/api.w.org\/{rel}","templated":true}]}}